{"id":437,"date":"2022-11-06T09:18:29","date_gmt":"2022-11-06T09:18:29","guid":{"rendered":"https:\/\/lesgrandsfr\u00eanes.fr\/?page_id=437"},"modified":"2022-11-27T16:41:30","modified_gmt":"2022-11-27T16:41:30","slug":"contact","status":"publish","type":"page","link":"https:\/\/lesgrandsfr\u00eanes.fr\/?page_id=437","title":{"rendered":"Contact"},"content":{"rendered":"\t\t<div data-elementor-type=\"wp-page\" data-elementor-id=\"437\" class=\"elementor elementor-437\">\n\t\t\t\t\t\t<section class=\"elementor-section elementor-top-section elementor-element elementor-element-659d940 elementor-section-boxed elementor-section-height-default elementor-section-height-default\" data-id=\"659d940\" data-element_type=\"section\" data-e-type=\"section\">\n\t\t\t\t\t\t<div class=\"elementor-container elementor-column-gap-default\">\n\t\t\t\t\t<div class=\"elementor-column elementor-col-100 elementor-top-column elementor-element elementor-element-71824a3\" data-id=\"71824a3\" data-element_type=\"column\" data-e-type=\"column\">\n\t\t\t<div class=\"elementor-widget-wrap elementor-element-populated\">\n\t\t\t\t\t\t<div class=\"elementor-element elementor-element-28cfcb6 elementor-widget elementor-widget-heading\" data-id=\"28cfcb6\" data-element_type=\"widget\" data-e-type=\"widget\" data-widget_type=\"heading.default\">\n\t\t\t\t<div class=\"elementor-widget-container\">\n\t\t\t\t\t<h2 class=\"elementor-heading-title elementor-size-default\">Nous contacter<\/h2>\t\t\t\t<\/div>\n\t\t\t\t<\/div>\n\t\t\t\t\t<\/div>\n\t\t<\/div>\n\t\t\t\t\t<\/div>\n\t\t<\/section>\n\t\t\t\t<section class=\"elementor-section elementor-top-section elementor-element elementor-element-08fb758 elementor-section-boxed elementor-section-height-default elementor-section-height-default\" data-id=\"08fb758\" data-element_type=\"section\" data-e-type=\"section\">\n\t\t\t\t\t\t<div class=\"elementor-container elementor-column-gap-default\">\n\t\t\t\t\t<div class=\"elementor-column elementor-col-100 elementor-top-column elementor-element elementor-element-70389ec\" data-id=\"70389ec\" data-element_type=\"column\" data-e-type=\"column\">\n\t\t\t<div class=\"elementor-widget-wrap elementor-element-populated\">\n\t\t\t\t\t\t<div class=\"elementor-element elementor-element-580168a elementor-widget elementor-widget-formidable\" data-id=\"580168a\" data-element_type=\"widget\" data-e-type=\"widget\" data-widget_type=\"formidable.default\">\n\t\t\t\t<div class=\"elementor-widget-container\">\n\t\t\t\t\t<div class=\"frm_forms  with_frm_style frm_style_style-formidable\" id=\"frm_form_2_container\" data-token=\"3faf9593df9cfac489d6ee713e73582e\">\n<form enctype=\"multipart\/form-data\" method=\"post\" class=\"frm-show-form \" id=\"form_formulairecontact\" data-token=\"3faf9593df9cfac489d6ee713e73582e\">\n<div class=\"frm_form_fields \">\n<fieldset>\n<legend class=\"frm_screen_reader\">Formulaire contact<\/legend>\r\n\r\n<div class=\"frm_fields_container\">\n<input type=\"hidden\" name=\"frm_action\" value=\"create\" \/>\n<input type=\"hidden\" name=\"form_id\" value=\"2\" \/>\n<input type=\"hidden\" name=\"frm_hide_fields_2\" id=\"frm_hide_fields_2\" value=\"\" \/>\n<input type=\"hidden\" name=\"form_key\" value=\"formulairecontact\" \/>\n<input type=\"hidden\" name=\"item_meta[0]\" value=\"\" \/>\n<input type=\"hidden\" id=\"frm_submit_entry_2\" name=\"frm_submit_entry_2\" value=\"4965c120f9\" \/><input type=\"hidden\" name=\"_wp_http_referer\" value=\"\/index.php?rest_route=%2Fwp%2Fv2%2Fpages%2F437\" \/><div id=\"frm_field_6_container\" class=\"frm_form_field form-field  frm_required_field frm_top_container frm6 frm_first\">\r\n    <label for=\"field_ngmki\" id=\"field_ngmki_label\" class=\"frm_primary_label\">Nom\r\n        <span class=\"frm_required\" aria-hidden=\"true\">*<\/span>\r\n    <\/label>\r\n    <input type=\"text\" id=\"field_ngmki\" name=\"item_meta[6]\" value=\"\"  data-reqmsg=\"Nom ne peut pas \u00eatre vide.\" aria-required=\"true\" data-invmsg=\"texte est non valide\" aria-invalid=\"false\"  \/>\r\n    \r\n    \r\n<\/div>\n<div id=\"frm_field_14_container\" class=\"frm_form_field form-field  frm_required_field frm_top_container frm6\">\r\n    <label for=\"field_psezx\" id=\"field_psezx_label\" class=\"frm_primary_label\">Pr\u00e9nom\r\n        <span class=\"frm_required\" aria-hidden=\"true\">*<\/span>\r\n    <\/label>\r\n    <input type=\"text\" id=\"field_psezx\" name=\"item_meta[14]\" value=\"\"  data-reqmsg=\"Pr\u00e9nom ne peut pas \u00eatre vide.\" aria-required=\"true\" data-invmsg=\"texte est non valide\" aria-invalid=\"false\"  \/>\r\n    \r\n    \r\n<\/div>\n<div id=\"frm_field_7_container\" class=\"frm_form_field form-field  frm_required_field frm_top_container\">\r\n    <label for=\"field_voam4\" id=\"field_voam4_label\" class=\"frm_primary_label\">Email\r\n        <span class=\"frm_required\" aria-hidden=\"true\">*<\/span>\r\n    <\/label>\r\n    <input type=\"email\" id=\"field_voam4\" name=\"item_meta[7]\" value=\"\"  data-reqmsg=\"Email ne peut pas \u00eatre vide.\" aria-required=\"true\" data-invmsg=\"Email est non valide\" aria-invalid=\"false\"  \/>\r\n    \r\n    \r\n<\/div>\n<div id=\"frm_field_8_container\" class=\"frm_form_field form-field  frm_required_field frm_top_container\">\r\n    <label for=\"field_9760j\" id=\"field_9760j_label\" class=\"frm_primary_label\">T\u00e9l\u00e9phone\r\n        <span class=\"frm_required\" aria-hidden=\"true\">*<\/span>\r\n    <\/label>\r\n    <input type=\"tel\" id=\"field_9760j\" name=\"item_meta[8]\" value=\"\"  data-reqmsg=\"T\u00e9l\u00e9phone ne peut pas \u00eatre vide.\" aria-required=\"true\" data-invmsg=\"T\u00e9l\u00e9phone est non valide\" aria-invalid=\"false\" pattern=\"((\\+\\d{1,3}(-|.| )?\\(?\\d\\)?(-| |.)?\\d{1,5})|(\\(?\\d{2,6}\\)?))(-|.| )?(\\d{3,4})(-|.| )?(\\d{4})(( x| ext)\\d{1,5}){0,1}$\"  \/>\r\n    \r\n    \r\n<\/div>\n<div id=\"frm_field_13_container\" class=\"frm_form_field form-field  frm_required_field frm_top_container\">\r\n    <label for=\"field_pdoge\" id=\"field_pdoge_label\" class=\"frm_primary_label\">Liste d\u00e9roulante\r\n        <span class=\"frm_required\" aria-hidden=\"true\">*<\/span>\r\n    <\/label>\r\n    \t\t<select name=\"item_meta[13]\" id=\"field_pdoge\"  data-reqmsg=\"Ce champ ne peut pas \u00eatre vide\" aria-required=\"true\" data-invmsg=\"Liste d\u00e9roulante est non valide\" aria-invalid=\"false\"  >\n\t\t<option  value=\"Demande de renseignement\">Demande de renseignement<\/option><option  value=\"Demande tarification\">Demande tarification<\/option><option  value=\"Demande disponibilit\u00e9\">Demande disponibilit\u00e9<\/option><option  value=\"R\u00e9servation\">R\u00e9servation<\/option><option  value=\"R\u00e9servation salle de r\u00e9ception\">R\u00e9servation salle de r\u00e9ception<\/option>\t<\/select>\n\t\r\n    \r\n    \r\n<\/div>\n<div id=\"frm_field_15_container\" class=\"frm_form_field form-field  frm_top_container\">\r\n    <label for=\"field_j3c\" id=\"field_j3c_label\" class=\"frm_primary_label\">Descriptif de la demande : \r\n        <span class=\"frm_required\" aria-hidden=\"true\"><\/span>\r\n    <\/label>\r\n    <textarea name=\"item_meta[15]\" id=\"field_j3c\" rows=\"5\"  data-invmsg=\"Descriptif de la demande :  est non valide\" aria-invalid=\"false\"  ><\/textarea>\r\n    \r\n    \r\n<\/div>\n\t<input type=\"hidden\" name=\"item_key\" value=\"\" \/>\n\t\t\t<div id=\"frm_field_23_container\">\n\t\t\t<label for=\"field_r2u7v\" >\n\t\t\t\tSi vous \u00eates un humain, ne remplissez pas ce champ.\t\t\t<\/label>\n\t\t\t<input  id=\"field_r2u7v\" type=\"text\" class=\"frm_form_field form-field frm_verify\" name=\"item_meta[23]\" value=\"\"  \/>\n\t\t<\/div>\n\t\t<input name=\"frm_state\" type=\"hidden\" value=\"I1pBjfx6pcdEleeGYVvu9rasmaishZy+c2zwx93IAMM=\" \/><div class=\"frm_submit\">\r\n\r\n<button class=\"frm_button_submit\" type=\"submit\"  >Envoyer<\/button>\r\n\r\n\r\n<\/div><\/div>\n<\/fieldset>\n<\/div>\n\n<\/form>\n<\/div>\n\t\t\t\t<\/div>\n\t\t\t\t<\/div>\n\t\t\t\t\t<\/div>\n\t\t<\/div>\n\t\t\t\t\t<\/div>\n\t\t<\/section>\n\t\t\t\t<section class=\"elementor-section elementor-top-section elementor-element elementor-element-3a31777 elementor-section-boxed elementor-section-height-default elementor-section-height-default\" data-id=\"3a31777\" data-element_type=\"section\" data-e-type=\"section\">\n\t\t\t\t\t\t<div class=\"elementor-container elementor-column-gap-default\">\n\t\t\t\t\t<div class=\"elementor-column elementor-col-100 elementor-top-column elementor-element elementor-element-0ad3430\" data-id=\"0ad3430\" data-element_type=\"column\" data-e-type=\"column\">\n\t\t\t<div class=\"elementor-widget-wrap elementor-element-populated\">\n\t\t\t\t\t\t<div class=\"elementor-element elementor-element-24f1e6c elementor-widget elementor-widget-heading\" data-id=\"24f1e6c\" data-element_type=\"widget\" data-e-type=\"widget\" data-widget_type=\"heading.default\">\n\t\t\t\t<div class=\"elementor-widget-container\">\n\t\t\t\t\t<h2 class=\"elementor-heading-title elementor-size-default\">Nous trouver <\/h2>\t\t\t\t<\/div>\n\t\t\t\t<\/div>\n\t\t\t\t<div class=\"elementor-element elementor-element-d195288 elementor-widget elementor-widget-google_maps\" data-id=\"d195288\" data-element_type=\"widget\" data-e-type=\"widget\" data-widget_type=\"google_maps.default\">\n\t\t\t\t<div class=\"elementor-widget-container\">\n\t\t\t\t\t\t\t<div class=\"elementor-custom-embed\">\n\t\t\t<iframe loading=\"lazy\"\n\t\t\t\t\tsrc=\"https:\/\/maps.google.com\/maps?q=3%20route%20du%20stossberg%2C%2057870%20Plaine%20de%20Walsch&#038;t=m&#038;z=13&#038;output=embed&#038;iwloc=near\"\n\t\t\t\t\ttitle=\"3 route du stossberg, 57870 Plaine de Walsch\"\n\t\t\t\t\taria-label=\"3 route du stossberg, 57870 Plaine de Walsch\"\n\t\t\t><\/iframe>\n\t\t<\/div>\n\t\t\t\t\t\t<\/div>\n\t\t\t\t<\/div>\n\t\t\t\t\t<\/div>\n\t\t<\/div>\n\t\t\t\t\t<\/div>\n\t\t<\/section>\n\t\t\t\t<\/div>\n\t\t","protected":false},"excerpt":{"rendered":"<p>Nous contacter Formulaire contact Nom * Pr\u00e9nom * Email * T\u00e9l\u00e9phone * Liste d\u00e9roulante * Demande de renseignement Demande tarification Demande disponibilit\u00e9 R\u00e9servation R\u00e9servation salle de r\u00e9ception Descriptif de la demande : Si vous \u00eates un humain, ne remplissez pas ce champ. Envoyer Nous trouver<\/p>\n","protected":false},"author":1,"featured_media":0,"parent":0,"menu_order":0,"comment_status":"closed","ping_status":"closed","template":"","meta":{"om_disable_all_campaigns":false,"_monsterinsights_skip_tracking":false,"_monsterinsights_sitenote_active":false,"_monsterinsights_sitenote_note":"","_monsterinsights_sitenote_category":0,"ocean_post_layout":"","ocean_both_sidebars_style":"","ocean_both_sidebars_content_width":0,"ocean_both_sidebars_sidebars_width":0,"ocean_sidebar":"0","ocean_second_sidebar":"0","ocean_disable_margins":"enable","ocean_add_body_class":"","ocean_shortcode_before_top_bar":"","ocean_shortcode_after_top_bar":"","ocean_shortcode_before_header":"","ocean_shortcode_after_header":"","ocean_has_shortcode":"","ocean_shortcode_after_title":"","ocean_shortcode_before_footer_widgets":"","ocean_shortcode_after_footer_widgets":"","ocean_shortcode_before_footer_bottom":"","ocean_shortcode_after_footer_bottom":"","ocean_display_top_bar":"default","ocean_display_header":"default","ocean_header_style":"","ocean_center_header_left_menu":"0","ocean_custom_header_template":"0","ocean_custom_logo":0,"ocean_custom_retina_logo":0,"ocean_custom_logo_max_width":0,"ocean_custom_logo_tablet_max_width":0,"ocean_custom_logo_mobile_max_width":0,"ocean_custom_logo_max_height":0,"ocean_custom_logo_tablet_max_height":0,"ocean_custom_logo_mobile_max_height":0,"ocean_header_custom_menu":"0","ocean_menu_typo_font_family":"0","ocean_menu_typo_font_subset":"","ocean_menu_typo_font_size":0,"ocean_menu_typo_font_size_tablet":0,"ocean_menu_typo_font_size_mobile":0,"ocean_menu_typo_font_size_unit":"px","ocean_menu_typo_font_weight":"","ocean_menu_typo_font_weight_tablet":"","ocean_menu_typo_font_weight_mobile":"","ocean_menu_typo_transform":"","ocean_menu_typo_transform_tablet":"","ocean_menu_typo_transform_mobile":"","ocean_menu_typo_line_height":0,"ocean_menu_typo_line_height_tablet":0,"ocean_menu_typo_line_height_mobile":0,"ocean_menu_typo_line_height_unit":"","ocean_menu_typo_spacing":0,"ocean_menu_typo_spacing_tablet":0,"ocean_menu_typo_spacing_mobile":0,"ocean_menu_typo_spacing_unit":"","ocean_menu_link_color":"","ocean_menu_link_color_hover":"","ocean_menu_link_color_active":"","ocean_menu_link_background":"","ocean_menu_link_hover_background":"","ocean_menu_link_active_background":"","ocean_menu_social_links_bg":"","ocean_menu_social_hover_links_bg":"","ocean_menu_social_links_color":"","ocean_menu_social_hover_links_color":"","ocean_disable_title":"default","ocean_disable_heading":"default","ocean_post_title":"","ocean_post_subheading":"","ocean_post_title_style":"","ocean_post_title_background_color":"","ocean_post_title_background":0,"ocean_post_title_bg_image_position":"","ocean_post_title_bg_image_attachment":"","ocean_post_title_bg_image_repeat":"","ocean_post_title_bg_image_size":"","ocean_post_title_height":0,"ocean_post_title_bg_overlay":0.5,"ocean_post_title_bg_overlay_color":"","ocean_disable_breadcrumbs":"default","ocean_breadcrumbs_color":"","ocean_breadcrumbs_separator_color":"","ocean_breadcrumbs_links_color":"","ocean_breadcrumbs_links_hover_color":"","ocean_display_footer_widgets":"default","ocean_display_footer_bottom":"default","ocean_custom_footer_template":"0","footnotes":""},"class_list":["post-437","page","type-page","status-publish","hentry","entry"],"aioseo_notices":[],"yoast_head":"<!-- This site is optimized with the Yoast SEO plugin v27.3 - https:\/\/yoast.com\/product\/yoast-seo-wordpress\/ -->\n<title>Contact - lesgrandsfr\u00eanes.fr<\/title>\n<meta name=\"robots\" content=\"index, follow, max-snippet:-1, max-image-preview:large, max-video-preview:-1\" \/>\n<link rel=\"canonical\" href=\"https:\/\/lesgrandsfr\u00eanes.fr\/?page_id=437\" \/>\n<meta property=\"og:locale\" content=\"fr_FR\" \/>\n<meta property=\"og:type\" content=\"article\" \/>\n<meta property=\"og:title\" content=\"Contact - lesgrandsfr\u00eanes.fr\" \/>\n<meta property=\"og:description\" content=\"Nous contacter Formulaire contact Nom * Pr\u00e9nom * Email * T\u00e9l\u00e9phone * Liste d\u00e9roulante * Demande de renseignement Demande tarification Demande disponibilit\u00e9 R\u00e9servation R\u00e9servation salle de r\u00e9ception Descriptif de la demande : Si vous \u00eates un humain, ne remplissez pas ce champ. Envoyer Nous trouver\" \/>\n<meta property=\"og:url\" content=\"https:\/\/lesgrandsfr\u00eanes.fr\/?page_id=437\" \/>\n<meta property=\"og:site_name\" content=\"lesgrandsfr\u00eanes.fr\" \/>\n<meta property=\"article:modified_time\" content=\"2022-11-27T16:41:30+00:00\" \/>\n<meta name=\"twitter:card\" content=\"summary_large_image\" \/>\n<meta name=\"twitter:label1\" content=\"Dur\u00e9e de lecture estim\u00e9e\" \/>\n\t<meta name=\"twitter:data1\" content=\"1 minute\" \/>\n<script type=\"application\/ld+json\" class=\"yoast-schema-graph\">{\"@context\":\"https:\\\/\\\/schema.org\",\"@graph\":[{\"@type\":\"WebPage\",\"@id\":\"https:\\\/\\\/lesgrandsfr\u00eanes.fr\\\/?page_id=437\",\"url\":\"https:\\\/\\\/lesgrandsfr\u00eanes.fr\\\/?page_id=437\",\"name\":\"Contact - lesgrandsfr\u00eanes.fr\",\"isPartOf\":{\"@id\":\"https:\\\/\\\/lesgrandsfr\u00eanes.fr\\\/#website\"},\"datePublished\":\"2022-11-06T09:18:29+00:00\",\"dateModified\":\"2022-11-27T16:41:30+00:00\",\"breadcrumb\":{\"@id\":\"https:\\\/\\\/lesgrandsfr\u00eanes.fr\\\/?page_id=437#breadcrumb\"},\"inLanguage\":\"fr-FR\",\"potentialAction\":[{\"@type\":\"ReadAction\",\"target\":[\"https:\\\/\\\/lesgrandsfr\u00eanes.fr\\\/?page_id=437\"]}]},{\"@type\":\"BreadcrumbList\",\"@id\":\"https:\\\/\\\/lesgrandsfr\u00eanes.fr\\\/?page_id=437#breadcrumb\",\"itemListElement\":[{\"@type\":\"ListItem\",\"position\":1,\"name\":\"Accueil\",\"item\":\"https:\\\/\\\/lesgrandsfr\u00eanes.fr\\\/\"},{\"@type\":\"ListItem\",\"position\":2,\"name\":\"Contact\"}]},{\"@type\":\"WebSite\",\"@id\":\"https:\\\/\\\/lesgrandsfr\u00eanes.fr\\\/#website\",\"url\":\"https:\\\/\\\/lesgrandsfr\u00eanes.fr\\\/\",\"name\":\"lesgrandsfr\u00eanes.fr\",\"description\":\"G\u00eete de groupe \",\"publisher\":{\"@id\":\"https:\\\/\\\/lesgrandsfr\u00eanes.fr\\\/#organization\"},\"potentialAction\":[{\"@type\":\"SearchAction\",\"target\":{\"@type\":\"EntryPoint\",\"urlTemplate\":\"https:\\\/\\\/lesgrandsfr\u00eanes.fr\\\/?s={search_term_string}\"},\"query-input\":{\"@type\":\"PropertyValueSpecification\",\"valueRequired\":true,\"valueName\":\"search_term_string\"}}],\"inLanguage\":\"fr-FR\"},{\"@type\":\"Organization\",\"@id\":\"https:\\\/\\\/lesgrandsfr\u00eanes.fr\\\/#organization\",\"name\":\"lesgrandsfr\u00eanes.fr\",\"url\":\"https:\\\/\\\/lesgrandsfr\u00eanes.fr\\\/\",\"logo\":{\"@type\":\"ImageObject\",\"inLanguage\":\"fr-FR\",\"@id\":\"https:\\\/\\\/lesgrandsfr\u00eanes.fr\\\/#\\\/schema\\\/logo\\\/image\\\/\",\"url\":\"https:\\\/\\\/lesgrandsfr\u00eanes.fr\\\/wp-content\\\/uploads\\\/2022\\\/11\\\/cropped-Logo-def.png\",\"contentUrl\":\"https:\\\/\\\/lesgrandsfr\u00eanes.fr\\\/wp-content\\\/uploads\\\/2022\\\/11\\\/cropped-Logo-def.png\",\"width\":455,\"height\":498,\"caption\":\"lesgrandsfr\u00eanes.fr\"},\"image\":{\"@id\":\"https:\\\/\\\/lesgrandsfr\u00eanes.fr\\\/#\\\/schema\\\/logo\\\/image\\\/\"}}]}<\/script>\n<!-- \/ Yoast SEO plugin. -->","yoast_head_json":{"title":"Contact - lesgrandsfr\u00eanes.fr","robots":{"index":"index","follow":"follow","max-snippet":"max-snippet:-1","max-image-preview":"max-image-preview:large","max-video-preview":"max-video-preview:-1"},"canonical":"https:\/\/lesgrandsfr\u00eanes.fr\/?page_id=437","og_locale":"fr_FR","og_type":"article","og_title":"Contact - lesgrandsfr\u00eanes.fr","og_description":"Nous contacter Formulaire contact Nom * Pr\u00e9nom * Email * T\u00e9l\u00e9phone * Liste d\u00e9roulante * Demande de renseignement Demande tarification Demande disponibilit\u00e9 R\u00e9servation R\u00e9servation salle de r\u00e9ception Descriptif de la demande : Si vous \u00eates un humain, ne remplissez pas ce champ. Envoyer Nous trouver","og_url":"https:\/\/lesgrandsfr\u00eanes.fr\/?page_id=437","og_site_name":"lesgrandsfr\u00eanes.fr","article_modified_time":"2022-11-27T16:41:30+00:00","twitter_card":"summary_large_image","twitter_misc":{"Dur\u00e9e de lecture estim\u00e9e":"1 minute"},"schema":{"@context":"https:\/\/schema.org","@graph":[{"@type":"WebPage","@id":"https:\/\/lesgrandsfr\u00eanes.fr\/?page_id=437","url":"https:\/\/lesgrandsfr\u00eanes.fr\/?page_id=437","name":"Contact - lesgrandsfr\u00eanes.fr","isPartOf":{"@id":"https:\/\/lesgrandsfr\u00eanes.fr\/#website"},"datePublished":"2022-11-06T09:18:29+00:00","dateModified":"2022-11-27T16:41:30+00:00","breadcrumb":{"@id":"https:\/\/lesgrandsfr\u00eanes.fr\/?page_id=437#breadcrumb"},"inLanguage":"fr-FR","potentialAction":[{"@type":"ReadAction","target":["https:\/\/lesgrandsfr\u00eanes.fr\/?page_id=437"]}]},{"@type":"BreadcrumbList","@id":"https:\/\/lesgrandsfr\u00eanes.fr\/?page_id=437#breadcrumb","itemListElement":[{"@type":"ListItem","position":1,"name":"Accueil","item":"https:\/\/lesgrandsfr\u00eanes.fr\/"},{"@type":"ListItem","position":2,"name":"Contact"}]},{"@type":"WebSite","@id":"https:\/\/lesgrandsfr\u00eanes.fr\/#website","url":"https:\/\/lesgrandsfr\u00eanes.fr\/","name":"lesgrandsfr\u00eanes.fr","description":"G\u00eete de groupe ","publisher":{"@id":"https:\/\/lesgrandsfr\u00eanes.fr\/#organization"},"potentialAction":[{"@type":"SearchAction","target":{"@type":"EntryPoint","urlTemplate":"https:\/\/lesgrandsfr\u00eanes.fr\/?s={search_term_string}"},"query-input":{"@type":"PropertyValueSpecification","valueRequired":true,"valueName":"search_term_string"}}],"inLanguage":"fr-FR"},{"@type":"Organization","@id":"https:\/\/lesgrandsfr\u00eanes.fr\/#organization","name":"lesgrandsfr\u00eanes.fr","url":"https:\/\/lesgrandsfr\u00eanes.fr\/","logo":{"@type":"ImageObject","inLanguage":"fr-FR","@id":"https:\/\/lesgrandsfr\u00eanes.fr\/#\/schema\/logo\/image\/","url":"https:\/\/lesgrandsfr\u00eanes.fr\/wp-content\/uploads\/2022\/11\/cropped-Logo-def.png","contentUrl":"https:\/\/lesgrandsfr\u00eanes.fr\/wp-content\/uploads\/2022\/11\/cropped-Logo-def.png","width":455,"height":498,"caption":"lesgrandsfr\u00eanes.fr"},"image":{"@id":"https:\/\/lesgrandsfr\u00eanes.fr\/#\/schema\/logo\/image\/"}}]}},"_links":{"self":[{"href":"https:\/\/lesgrandsfr\u00eanes.fr\/index.php?rest_route=\/wp\/v2\/pages\/437","targetHints":{"allow":["GET"]}}],"collection":[{"href":"https:\/\/lesgrandsfr\u00eanes.fr\/index.php?rest_route=\/wp\/v2\/pages"}],"about":[{"href":"https:\/\/lesgrandsfr\u00eanes.fr\/index.php?rest_route=\/wp\/v2\/types\/page"}],"author":[{"embeddable":true,"href":"https:\/\/lesgrandsfr\u00eanes.fr\/index.php?rest_route=\/wp\/v2\/users\/1"}],"replies":[{"embeddable":true,"href":"https:\/\/lesgrandsfr\u00eanes.fr\/index.php?rest_route=%2Fwp%2Fv2%2Fcomments&post=437"}],"version-history":[{"count":10,"href":"https:\/\/lesgrandsfr\u00eanes.fr\/index.php?rest_route=\/wp\/v2\/pages\/437\/revisions"}],"predecessor-version":[{"id":791,"href":"https:\/\/lesgrandsfr\u00eanes.fr\/index.php?rest_route=\/wp\/v2\/pages\/437\/revisions\/791"}],"wp:attachment":[{"href":"https:\/\/lesgrandsfr\u00eanes.fr\/index.php?rest_route=%2Fwp%2Fv2%2Fmedia&parent=437"}],"curies":[{"name":"wp","href":"https:\/\/api.w.org\/{rel}","templated":true}]}}