{"id":434,"date":"2022-11-06T09:16:42","date_gmt":"2022-11-06T09:16:42","guid":{"rendered":"https:\/\/lesgrandsfr\u00eanes.fr\/?page_id=434"},"modified":"2022-11-28T08:42:27","modified_gmt":"2022-11-28T08:42:27","slug":"les-formules","status":"publish","type":"page","link":"https:\/\/lesgrandsfr\u00eanes.fr\/?page_id=434","title":{"rendered":"Les Formules"},"content":{"rendered":"\t\t<div data-elementor-type=\"wp-page\" data-elementor-id=\"434\" class=\"elementor elementor-434\">\n\t\t\t\t\t\t<section class=\"elementor-section elementor-top-section elementor-element elementor-element-dea63e7 elementor-section-full_width elementor-section-stretched elementor-section-height-default elementor-section-height-default\" data-id=\"dea63e7\" data-element_type=\"section\" data-e-type=\"section\" data-settings=\"{&quot;stretch_section&quot;:&quot;section-stretched&quot;}\">\n\t\t\t\t\t\t<div class=\"elementor-container elementor-column-gap-default\">\n\t\t\t\t\t<div class=\"elementor-column elementor-col-100 elementor-top-column elementor-element elementor-element-7685288\" data-id=\"7685288\" data-element_type=\"column\" data-e-type=\"column\">\n\t\t\t<div class=\"elementor-widget-wrap elementor-element-populated\">\n\t\t\t\t\t\t<div class=\"elementor-element elementor-element-9ebeb64 elementor-widget elementor-widget-heading\" data-id=\"9ebeb64\" data-element_type=\"widget\" data-e-type=\"widget\" data-widget_type=\"heading.default\">\n\t\t\t\t<div class=\"elementor-widget-container\">\n\t\t\t\t\t<h2 class=\"elementor-heading-title elementor-size-default\">La Formules 12 <br>personnes<\/h2>\t\t\t\t<\/div>\n\t\t\t\t<\/div>\n\t\t\t\t<div class=\"elementor-element elementor-element-823d82f elementor-widget elementor-widget-text-editor\" data-id=\"823d82f\" data-element_type=\"widget\" data-e-type=\"widget\" data-widget_type=\"text-editor.default\">\n\t\t\t\t<div class=\"elementor-widget-container\">\n\t\t\t\t\t\t\t\t\t<p>La totalit\u00e9 du g\u00eete soit 6 chambres toutes \u00e9quip\u00e9es pour 12 personnes.<\/p>\t\t\t\t\t\t\t\t<\/div>\n\t\t\t\t<\/div>\n\t\t\t\t<div class=\"elementor-element elementor-element-be51492 elementor-button-info elementor-align-center elementor-widget elementor-widget-button\" data-id=\"be51492\" data-element_type=\"widget\" data-e-type=\"widget\" data-widget_type=\"button.default\">\n\t\t\t\t<div class=\"elementor-widget-container\">\n\t\t\t\t\t\t\t\t\t<div class=\"elementor-button-wrapper\">\n\t\t\t\t\t<a class=\"elementor-button elementor-button-link elementor-size-sm elementor-animation-grow\" href=\"https:\/\/www.gites-de-france.com\/fr\/grand-est\/moselle\/les-grands-frenes-h57p022841\" target=\"_blank\">\n\t\t\t\t\t\t<span class=\"elementor-button-content-wrapper\">\n\t\t\t\t\t\t\t\t\t<span class=\"elementor-button-text\">R\u00e9servez-ici<\/span>\n\t\t\t\t\t<\/span>\n\t\t\t\t\t<\/a>\n\t\t\t\t<\/div>\n\t\t\t\t\t\t\t\t<\/div>\n\t\t\t\t<\/div>\n\t\t\t\t\t<\/div>\n\t\t<\/div>\n\t\t\t\t\t<\/div>\n\t\t<\/section>\n\t\t\t\t<section class=\"elementor-section elementor-top-section elementor-element elementor-element-438501f elementor-section-full_width elementor-section-stretched elementor-section-height-default elementor-section-height-default\" data-id=\"438501f\" data-element_type=\"section\" data-e-type=\"section\" data-settings=\"{&quot;stretch_section&quot;:&quot;section-stretched&quot;,&quot;background_background&quot;:&quot;classic&quot;}\">\n\t\t\t\t\t\t<div class=\"elementor-container elementor-column-gap-default\">\n\t\t\t\t\t<div class=\"elementor-column elementor-col-100 elementor-top-column elementor-element elementor-element-7c73382\" data-id=\"7c73382\" data-element_type=\"column\" data-e-type=\"column\">\n\t\t\t<div class=\"elementor-widget-wrap elementor-element-populated\">\n\t\t\t\t\t\t<div class=\"elementor-element elementor-element-e302ca2 elementor-widget elementor-widget-heading\" data-id=\"e302ca2\" data-element_type=\"widget\" data-e-type=\"widget\" data-widget_type=\"heading.default\">\n\t\t\t\t<div class=\"elementor-widget-container\">\n\t\t\t\t\t<h2 class=\"elementor-heading-title elementor-size-large\">La Formule 6 personnes <\/h2>\t\t\t\t<\/div>\n\t\t\t\t<\/div>\n\t\t\t\t<div class=\"elementor-element elementor-element-08e3ab1 elementor-widget elementor-widget-text-editor\" data-id=\"08e3ab1\" data-element_type=\"widget\" data-e-type=\"widget\" data-widget_type=\"text-editor.default\">\n\t\t\t\t<div class=\"elementor-widget-container\">\n\t\t\t\t\t\t\t\t\t<p>4 chambres pour 6 personnes.<\/p>\t\t\t\t\t\t\t\t<\/div>\n\t\t\t\t<\/div>\n\t\t\t\t<div class=\"elementor-element elementor-element-90b8ed3 elementor-button-info elementor-align-center elementor-widget elementor-widget-button\" data-id=\"90b8ed3\" data-element_type=\"widget\" data-e-type=\"widget\" data-widget_type=\"button.default\">\n\t\t\t\t<div class=\"elementor-widget-container\">\n\t\t\t\t\t\t\t\t\t<div class=\"elementor-button-wrapper\">\n\t\t\t\t\t<a class=\"elementor-button elementor-button-link elementor-size-sm elementor-animation-grow\" href=\"https:\/\/www.gites-de-france.com\/fr\/grand-est\/moselle\/les-grands-frenes-formule-6-personnes-h57p022854\" target=\"_blank\">\n\t\t\t\t\t\t<span class=\"elementor-button-content-wrapper\">\n\t\t\t\t\t\t\t\t\t<span class=\"elementor-button-text\">R\u00e9servez-ici<\/span>\n\t\t\t\t\t<\/span>\n\t\t\t\t\t<\/a>\n\t\t\t\t<\/div>\n\t\t\t\t\t\t\t\t<\/div>\n\t\t\t\t<\/div>\n\t\t\t\t\t<\/div>\n\t\t<\/div>\n\t\t\t\t\t<\/div>\n\t\t<\/section>\n\t\t\t\t<section class=\"elementor-section elementor-top-section elementor-element elementor-element-d07c1f9 elementor-section-full_width elementor-section-stretched elementor-section-height-default elementor-section-height-default\" data-id=\"d07c1f9\" data-element_type=\"section\" data-e-type=\"section\" data-settings=\"{&quot;stretch_section&quot;:&quot;section-stretched&quot;}\">\n\t\t\t\t\t\t<div class=\"elementor-container elementor-column-gap-default\">\n\t\t\t\t\t<div class=\"elementor-column elementor-col-100 elementor-top-column elementor-element elementor-element-47580e3\" data-id=\"47580e3\" data-element_type=\"column\" data-e-type=\"column\">\n\t\t\t<div class=\"elementor-widget-wrap elementor-element-populated\">\n\t\t\t\t\t\t<div class=\"elementor-element elementor-element-ac794de elementor-widget elementor-widget-heading\" data-id=\"ac794de\" data-element_type=\"widget\" data-e-type=\"widget\" data-widget_type=\"heading.default\">\n\t\t\t\t<div class=\"elementor-widget-container\">\n\t\t\t\t\t<h2 class=\"elementor-heading-title elementor-size-default\">Location salle de r\u00e9ception <\/h2>\t\t\t\t<\/div>\n\t\t\t\t<\/div>\n\t\t\t\t<div class=\"elementor-element elementor-element-c556207 elementor-widget elementor-widget-text-editor\" data-id=\"c556207\" data-element_type=\"widget\" data-e-type=\"widget\" data-widget_type=\"text-editor.default\">\n\t\t\t\t<div class=\"elementor-widget-container\">\n\t\t\t\t\t\t\t\t\t<p>Une salle de r\u00e9ception, pour 25 personnes.<\/p>\t\t\t\t\t\t\t\t<\/div>\n\t\t\t\t<\/div>\n\t\t\t\t<div class=\"elementor-element elementor-element-9488697 elementor-button-info elementor-align-center elementor-widget elementor-widget-button\" data-id=\"9488697\" data-element_type=\"widget\" data-e-type=\"widget\" data-widget_type=\"button.default\">\n\t\t\t\t<div class=\"elementor-widget-container\">\n\t\t\t\t\t\t\t\t\t<div class=\"elementor-button-wrapper\">\n\t\t\t\t\t<a class=\"elementor-button elementor-button-link elementor-size-sm elementor-animation-grow\" href=\"https:\/\/lesgrandsfr\u00eanes.fr\/?page_id=437\">\n\t\t\t\t\t\t<span class=\"elementor-button-content-wrapper\">\n\t\t\t\t\t\t\t\t\t<span class=\"elementor-button-text\">R\u00e9servez-ici<\/span>\n\t\t\t\t\t<\/span>\n\t\t\t\t\t<\/a>\n\t\t\t\t<\/div>\n\t\t\t\t\t\t\t\t<\/div>\n\t\t\t\t<\/div>\n\t\t\t\t\t<\/div>\n\t\t<\/div>\n\t\t\t\t\t<\/div>\n\t\t<\/section>\n\t\t\t\t<section class=\"elementor-section elementor-top-section elementor-element elementor-element-11e9290 elementor-section-boxed elementor-section-height-default elementor-section-height-default\" data-id=\"11e9290\" data-element_type=\"section\" data-e-type=\"section\">\n\t\t\t\t\t\t<div class=\"elementor-container elementor-column-gap-default\">\n\t\t\t\t\t<div class=\"elementor-column elementor-col-100 elementor-top-column elementor-element elementor-element-3e5b9b6\" data-id=\"3e5b9b6\" data-element_type=\"column\" data-e-type=\"column\">\n\t\t\t<div class=\"elementor-widget-wrap elementor-element-populated\">\n\t\t\t\t\t\t<div class=\"elementor-element elementor-element-282988f elementor-widget elementor-widget-text-editor\" data-id=\"282988f\" data-element_type=\"widget\" data-e-type=\"widget\" data-widget_type=\"text-editor.default\">\n\t\t\t\t<div class=\"elementor-widget-container\">\n\t\t\t\t\t\t\t\t\t<p>\u00a0<\/p><p>\u00a0<\/p><p>\u00a0<\/p><p>\u00a0<\/p>\t\t\t\t\t\t\t\t<\/div>\n\t\t\t\t<\/div>\n\t\t\t\t\t<\/div>\n\t\t<\/div>\n\t\t\t\t\t<\/div>\n\t\t<\/section>\n\t\t\t\t<\/div>\n\t\t","protected":false},"excerpt":{"rendered":"<p>La Formules 12 personnes La totalit\u00e9 du g\u00eete soit 6 chambres toutes \u00e9quip\u00e9es pour 12 personnes. R\u00e9servez-ici La Formule 6 personnes 4 chambres pour 6 personnes. R\u00e9servez-ici Location salle de r\u00e9ception Une salle de r\u00e9ception, pour 25 personnes. R\u00e9servez-ici<\/p>\n","protected":false},"author":1,"featured_media":0,"parent":0,"menu_order":0,"comment_status":"closed","ping_status":"closed","template":"","meta":{"om_disable_all_campaigns":false,"_monsterinsights_skip_tracking":false,"_monsterinsights_sitenote_active":false,"_monsterinsights_sitenote_note":"","_monsterinsights_sitenote_category":0,"ocean_post_layout":"","ocean_both_sidebars_style":"","ocean_both_sidebars_content_width":0,"ocean_both_sidebars_sidebars_width":0,"ocean_sidebar":"0","ocean_second_sidebar":"0","ocean_disable_margins":"enable","ocean_add_body_class":"","ocean_shortcode_before_top_bar":"","ocean_shortcode_after_top_bar":"","ocean_shortcode_before_header":"","ocean_shortcode_after_header":"","ocean_has_shortcode":"","ocean_shortcode_after_title":"","ocean_shortcode_before_footer_widgets":"","ocean_shortcode_after_footer_widgets":"","ocean_shortcode_before_footer_bottom":"","ocean_shortcode_after_footer_bottom":"","ocean_display_top_bar":"default","ocean_display_header":"default","ocean_header_style":"","ocean_center_header_left_menu":"0","ocean_custom_header_template":"0","ocean_custom_logo":0,"ocean_custom_retina_logo":0,"ocean_custom_logo_max_width":0,"ocean_custom_logo_tablet_max_width":0,"ocean_custom_logo_mobile_max_width":0,"ocean_custom_logo_max_height":0,"ocean_custom_logo_tablet_max_height":0,"ocean_custom_logo_mobile_max_height":0,"ocean_header_custom_menu":"0","ocean_menu_typo_font_family":"0","ocean_menu_typo_font_subset":"","ocean_menu_typo_font_size":0,"ocean_menu_typo_font_size_tablet":0,"ocean_menu_typo_font_size_mobile":0,"ocean_menu_typo_font_size_unit":"px","ocean_menu_typo_font_weight":"","ocean_menu_typo_font_weight_tablet":"","ocean_menu_typo_font_weight_mobile":"","ocean_menu_typo_transform":"","ocean_menu_typo_transform_tablet":"","ocean_menu_typo_transform_mobile":"","ocean_menu_typo_line_height":0,"ocean_menu_typo_line_height_tablet":0,"ocean_menu_typo_line_height_mobile":0,"ocean_menu_typo_line_height_unit":"","ocean_menu_typo_spacing":0,"ocean_menu_typo_spacing_tablet":0,"ocean_menu_typo_spacing_mobile":0,"ocean_menu_typo_spacing_unit":"","ocean_menu_link_color":"","ocean_menu_link_color_hover":"","ocean_menu_link_color_active":"","ocean_menu_link_background":"","ocean_menu_link_hover_background":"","ocean_menu_link_active_background":"","ocean_menu_social_links_bg":"","ocean_menu_social_hover_links_bg":"","ocean_menu_social_links_color":"","ocean_menu_social_hover_links_color":"","ocean_disable_title":"default","ocean_disable_heading":"default","ocean_post_title":"","ocean_post_subheading":"","ocean_post_title_style":"","ocean_post_title_background_color":"","ocean_post_title_background":0,"ocean_post_title_bg_image_position":"","ocean_post_title_bg_image_attachment":"","ocean_post_title_bg_image_repeat":"","ocean_post_title_bg_image_size":"","ocean_post_title_height":0,"ocean_post_title_bg_overlay":0.5,"ocean_post_title_bg_overlay_color":"","ocean_disable_breadcrumbs":"default","ocean_breadcrumbs_color":"","ocean_breadcrumbs_separator_color":"","ocean_breadcrumbs_links_color":"","ocean_breadcrumbs_links_hover_color":"","ocean_display_footer_widgets":"default","ocean_display_footer_bottom":"default","ocean_custom_footer_template":"0","footnotes":""},"class_list":["post-434","page","type-page","status-publish","hentry","entry"],"aioseo_notices":[],"yoast_head":"<!-- This site is optimized with the Yoast SEO plugin v27.3 - https:\/\/yoast.com\/product\/yoast-seo-wordpress\/ -->\n<title>Les Formules - lesgrandsfr\u00eanes.fr<\/title>\n<meta name=\"description\" content=\"Trouver la Formule qui vous correspond parmi nos offres de locations allant de 6 \u00e0 12 personnes, la location de salle de s\u00e9minaire ou de restauration.\" \/>\n<meta name=\"robots\" content=\"index, follow, max-snippet:-1, max-image-preview:large, max-video-preview:-1\" \/>\n<link rel=\"canonical\" href=\"https:\/\/lesgrandsfr\u00eanes.fr\/?page_id=434\" \/>\n<meta property=\"og:locale\" content=\"fr_FR\" \/>\n<meta property=\"og:type\" content=\"article\" \/>\n<meta property=\"og:title\" content=\"Les Formules - lesgrandsfr\u00eanes.fr\" \/>\n<meta property=\"og:description\" content=\"Trouver la Formule qui vous correspond parmi nos offres de locations allant de 6 \u00e0 12 personnes, la location de salle de s\u00e9minaire ou de restauration.\" \/>\n<meta property=\"og:url\" content=\"https:\/\/lesgrandsfr\u00eanes.fr\/?page_id=434\" \/>\n<meta property=\"og:site_name\" content=\"lesgrandsfr\u00eanes.fr\" \/>\n<meta property=\"article:modified_time\" content=\"2022-11-28T08:42:27+00:00\" \/>\n<meta name=\"twitter:card\" content=\"summary_large_image\" \/>\n<meta name=\"twitter:label1\" content=\"Dur\u00e9e de lecture estim\u00e9e\" \/>\n\t<meta name=\"twitter:data1\" content=\"1 minute\" \/>\n<script type=\"application\/ld+json\" class=\"yoast-schema-graph\">{\"@context\":\"https:\\\/\\\/schema.org\",\"@graph\":[{\"@type\":\"WebPage\",\"@id\":\"https:\\\/\\\/lesgrandsfr\u00eanes.fr\\\/?page_id=434\",\"url\":\"https:\\\/\\\/lesgrandsfr\u00eanes.fr\\\/?page_id=434\",\"name\":\"Les Formules - lesgrandsfr\u00eanes.fr\",\"isPartOf\":{\"@id\":\"https:\\\/\\\/lesgrandsfr\u00eanes.fr\\\/#website\"},\"datePublished\":\"2022-11-06T09:16:42+00:00\",\"dateModified\":\"2022-11-28T08:42:27+00:00\",\"description\":\"Trouver la Formule qui vous correspond parmi nos offres de locations allant de 6 \u00e0 12 personnes, la location de salle de s\u00e9minaire ou de restauration.\",\"breadcrumb\":{\"@id\":\"https:\\\/\\\/lesgrandsfr\u00eanes.fr\\\/?page_id=434#breadcrumb\"},\"inLanguage\":\"fr-FR\",\"potentialAction\":[{\"@type\":\"ReadAction\",\"target\":[\"https:\\\/\\\/lesgrandsfr\u00eanes.fr\\\/?page_id=434\"]}]},{\"@type\":\"BreadcrumbList\",\"@id\":\"https:\\\/\\\/lesgrandsfr\u00eanes.fr\\\/?page_id=434#breadcrumb\",\"itemListElement\":[{\"@type\":\"ListItem\",\"position\":1,\"name\":\"Accueil\",\"item\":\"https:\\\/\\\/lesgrandsfr\u00eanes.fr\\\/\"},{\"@type\":\"ListItem\",\"position\":2,\"name\":\"Les Formules\"}]},{\"@type\":\"WebSite\",\"@id\":\"https:\\\/\\\/lesgrandsfr\u00eanes.fr\\\/#website\",\"url\":\"https:\\\/\\\/lesgrandsfr\u00eanes.fr\\\/\",\"name\":\"lesgrandsfr\u00eanes.fr\",\"description\":\"G\u00eete de groupe \",\"publisher\":{\"@id\":\"https:\\\/\\\/lesgrandsfr\u00eanes.fr\\\/#organization\"},\"potentialAction\":[{\"@type\":\"SearchAction\",\"target\":{\"@type\":\"EntryPoint\",\"urlTemplate\":\"https:\\\/\\\/lesgrandsfr\u00eanes.fr\\\/?s={search_term_string}\"},\"query-input\":{\"@type\":\"PropertyValueSpecification\",\"valueRequired\":true,\"valueName\":\"search_term_string\"}}],\"inLanguage\":\"fr-FR\"},{\"@type\":\"Organization\",\"@id\":\"https:\\\/\\\/lesgrandsfr\u00eanes.fr\\\/#organization\",\"name\":\"lesgrandsfr\u00eanes.fr\",\"url\":\"https:\\\/\\\/lesgrandsfr\u00eanes.fr\\\/\",\"logo\":{\"@type\":\"ImageObject\",\"inLanguage\":\"fr-FR\",\"@id\":\"https:\\\/\\\/lesgrandsfr\u00eanes.fr\\\/#\\\/schema\\\/logo\\\/image\\\/\",\"url\":\"https:\\\/\\\/lesgrandsfr\u00eanes.fr\\\/wp-content\\\/uploads\\\/2022\\\/11\\\/cropped-Logo-def.png\",\"contentUrl\":\"https:\\\/\\\/lesgrandsfr\u00eanes.fr\\\/wp-content\\\/uploads\\\/2022\\\/11\\\/cropped-Logo-def.png\",\"width\":455,\"height\":498,\"caption\":\"lesgrandsfr\u00eanes.fr\"},\"image\":{\"@id\":\"https:\\\/\\\/lesgrandsfr\u00eanes.fr\\\/#\\\/schema\\\/logo\\\/image\\\/\"}}]}<\/script>\n<!-- \/ Yoast SEO plugin. -->","yoast_head_json":{"title":"Les Formules - lesgrandsfr\u00eanes.fr","description":"Trouver la Formule qui vous correspond parmi nos offres de locations allant de 6 \u00e0 12 personnes, la location de salle de s\u00e9minaire ou de restauration.","robots":{"index":"index","follow":"follow","max-snippet":"max-snippet:-1","max-image-preview":"max-image-preview:large","max-video-preview":"max-video-preview:-1"},"canonical":"https:\/\/lesgrandsfr\u00eanes.fr\/?page_id=434","og_locale":"fr_FR","og_type":"article","og_title":"Les Formules - lesgrandsfr\u00eanes.fr","og_description":"Trouver la Formule qui vous correspond parmi nos offres de locations allant de 6 \u00e0 12 personnes, la location de salle de s\u00e9minaire ou de restauration.","og_url":"https:\/\/lesgrandsfr\u00eanes.fr\/?page_id=434","og_site_name":"lesgrandsfr\u00eanes.fr","article_modified_time":"2022-11-28T08:42:27+00:00","twitter_card":"summary_large_image","twitter_misc":{"Dur\u00e9e de lecture estim\u00e9e":"1 minute"},"schema":{"@context":"https:\/\/schema.org","@graph":[{"@type":"WebPage","@id":"https:\/\/lesgrandsfr\u00eanes.fr\/?page_id=434","url":"https:\/\/lesgrandsfr\u00eanes.fr\/?page_id=434","name":"Les Formules - lesgrandsfr\u00eanes.fr","isPartOf":{"@id":"https:\/\/lesgrandsfr\u00eanes.fr\/#website"},"datePublished":"2022-11-06T09:16:42+00:00","dateModified":"2022-11-28T08:42:27+00:00","description":"Trouver la Formule qui vous correspond parmi nos offres de locations allant de 6 \u00e0 12 personnes, la location de salle de s\u00e9minaire ou de restauration.","breadcrumb":{"@id":"https:\/\/lesgrandsfr\u00eanes.fr\/?page_id=434#breadcrumb"},"inLanguage":"fr-FR","potentialAction":[{"@type":"ReadAction","target":["https:\/\/lesgrandsfr\u00eanes.fr\/?page_id=434"]}]},{"@type":"BreadcrumbList","@id":"https:\/\/lesgrandsfr\u00eanes.fr\/?page_id=434#breadcrumb","itemListElement":[{"@type":"ListItem","position":1,"name":"Accueil","item":"https:\/\/lesgrandsfr\u00eanes.fr\/"},{"@type":"ListItem","position":2,"name":"Les Formules"}]},{"@type":"WebSite","@id":"https:\/\/lesgrandsfr\u00eanes.fr\/#website","url":"https:\/\/lesgrandsfr\u00eanes.fr\/","name":"lesgrandsfr\u00eanes.fr","description":"G\u00eete de groupe ","publisher":{"@id":"https:\/\/lesgrandsfr\u00eanes.fr\/#organization"},"potentialAction":[{"@type":"SearchAction","target":{"@type":"EntryPoint","urlTemplate":"https:\/\/lesgrandsfr\u00eanes.fr\/?s={search_term_string}"},"query-input":{"@type":"PropertyValueSpecification","valueRequired":true,"valueName":"search_term_string"}}],"inLanguage":"fr-FR"},{"@type":"Organization","@id":"https:\/\/lesgrandsfr\u00eanes.fr\/#organization","name":"lesgrandsfr\u00eanes.fr","url":"https:\/\/lesgrandsfr\u00eanes.fr\/","logo":{"@type":"ImageObject","inLanguage":"fr-FR","@id":"https:\/\/lesgrandsfr\u00eanes.fr\/#\/schema\/logo\/image\/","url":"https:\/\/lesgrandsfr\u00eanes.fr\/wp-content\/uploads\/2022\/11\/cropped-Logo-def.png","contentUrl":"https:\/\/lesgrandsfr\u00eanes.fr\/wp-content\/uploads\/2022\/11\/cropped-Logo-def.png","width":455,"height":498,"caption":"lesgrandsfr\u00eanes.fr"},"image":{"@id":"https:\/\/lesgrandsfr\u00eanes.fr\/#\/schema\/logo\/image\/"}}]}},"_links":{"self":[{"href":"https:\/\/lesgrandsfr\u00eanes.fr\/index.php?rest_route=\/wp\/v2\/pages\/434","targetHints":{"allow":["GET"]}}],"collection":[{"href":"https:\/\/lesgrandsfr\u00eanes.fr\/index.php?rest_route=\/wp\/v2\/pages"}],"about":[{"href":"https:\/\/lesgrandsfr\u00eanes.fr\/index.php?rest_route=\/wp\/v2\/types\/page"}],"author":[{"embeddable":true,"href":"https:\/\/lesgrandsfr\u00eanes.fr\/index.php?rest_route=\/wp\/v2\/users\/1"}],"replies":[{"embeddable":true,"href":"https:\/\/lesgrandsfr\u00eanes.fr\/index.php?rest_route=%2Fwp%2Fv2%2Fcomments&post=434"}],"version-history":[{"count":41,"href":"https:\/\/lesgrandsfr\u00eanes.fr\/index.php?rest_route=\/wp\/v2\/pages\/434\/revisions"}],"predecessor-version":[{"id":812,"href":"https:\/\/lesgrandsfr\u00eanes.fr\/index.php?rest_route=\/wp\/v2\/pages\/434\/revisions\/812"}],"wp:attachment":[{"href":"https:\/\/lesgrandsfr\u00eanes.fr\/index.php?rest_route=%2Fwp%2Fv2%2Fmedia&parent=434"}],"curies":[{"name":"wp","href":"https:\/\/api.w.org\/{rel}","templated":true}]}}